{"id":38,"date":"2018-04-27T15:47:42","date_gmt":"2018-04-27T13:47:42","guid":{"rendered":"http:\/\/lacondamine.fr\/?page_id=38"},"modified":"2018-07-19T10:54:33","modified_gmt":"2018-07-19T08:54:33","slug":"notre-region","status":"publish","type":"page","link":"https:\/\/www.lacondamine.fr\/index.php\/notre-region\/","title":{"rendered":"Notre R\u00e9gion"},"content":{"rendered":"<p>D\u00e9couvrez notre belle r\u00e9gion Lorraine !<br \/>\n&#8211; Ch\u00e2teau de Lun\u00e9ville<br \/>\n&#8211; Festival de Froville<br \/>\n&#8211; Ch\u00e2teau d&rsquo;Harrou\u00e9<br \/>\n&#8211; Circuit de Chenevi\u00e8res<\/p>\n<style type=\"text\/css\">\r\n\t#foogallery-gallery-115 .fg-image {\r\n        width: 150px;\r\n    }\r\n<\/style>\r\n\t\t\t\t<div class=\"foogallery foogallery-container foogallery-default foogallery-lightbox-foobox fg-gutter-10 fg-center fg-default fg-light fg-border-thin fg-shadow-outline fg-loading-default fg-loaded-fade-in fg-caption-hover fg-hover-fade fg-hover-zoom fg-ready\" id=\"foogallery-gallery-115\" data-foogallery=\"{&quot;item&quot;:{&quot;showCaptionTitle&quot;:true,&quot;showCaptionDescription&quot;:true},&quot;lazy&quot;:true}\" >\r\n\t<div class=\"fg-item fg-type-image fg-idle\"><figure class=\"fg-item-inner\"><a href=\"https:\/\/www.lacondamine.fr\/wp-content\/uploads\/2018\/07\/Circuit-de-Chenevi\u00e8res.jpg\" data-attachment-id=\"117\" class=\"fg-thumb\"><span class=\"fg-image-wrap\"><img width=\"150\" height=\"150\" class=\"skip-lazy fg-image\" data-src-fg=\"https:\/\/www.lacondamine.fr\/wp-content\/uploads\/cache\/2018\/07\/Circuit-de-Chenevi\u00e8res\/1479561177.jpg\" src=\"data:image\/svg+xml,%3Csvg%20xmlns%3D%22http%3A%2F%2Fwww.w3.org%2F2000%2Fsvg%22%20width%3D%22150%22%20height%3D%22150%22%20viewBox%3D%220%200%20150%20150%22%3E%3C%2Fsvg%3E\" loading=\"eager\"><\/span><span class=\"fg-image-overlay\"><\/span><\/a><figcaption class=\"fg-caption\"><div class=\"fg-caption-inner\"><\/div><\/figcaption><\/figure><div class=\"fg-loader\"><\/div><\/div><div class=\"fg-item fg-type-image fg-idle\"><figure class=\"fg-item-inner\"><a href=\"https:\/\/www.lacondamine.fr\/wp-content\/uploads\/2018\/07\/DSC_9888.jpg\" data-attachment-id=\"118\" class=\"fg-thumb\"><span class=\"fg-image-wrap\"><img width=\"150\" height=\"150\" class=\"skip-lazy fg-image\" data-src-fg=\"https:\/\/www.lacondamine.fr\/wp-content\/uploads\/cache\/2018\/07\/DSC_9888\/-1116925657.jpg\" src=\"data:image\/svg+xml,%3Csvg%20xmlns%3D%22http%3A%2F%2Fwww.w3.org%2F2000%2Fsvg%22%20width%3D%22150%22%20height%3D%22150%22%20viewBox%3D%220%200%20150%20150%22%3E%3C%2Fsvg%3E\" loading=\"eager\"><\/span><span class=\"fg-image-overlay\"><\/span><\/a><figcaption class=\"fg-caption\"><div class=\"fg-caption-inner\"><\/div><\/figcaption><\/figure><div class=\"fg-loader\"><\/div><\/div><div class=\"fg-item fg-type-image fg-idle\"><figure class=\"fg-item-inner\"><a href=\"https:\/\/www.lacondamine.fr\/wp-content\/uploads\/2018\/07\/DSC_9942.jpg\" data-attachment-id=\"119\" class=\"fg-thumb\"><span class=\"fg-image-wrap\"><img width=\"150\" height=\"150\" class=\"skip-lazy fg-image\" data-src-fg=\"https:\/\/www.lacondamine.fr\/wp-content\/uploads\/cache\/2018\/07\/DSC_9942\/-2139029619.jpg\" src=\"data:image\/svg+xml,%3Csvg%20xmlns%3D%22http%3A%2F%2Fwww.w3.org%2F2000%2Fsvg%22%20width%3D%22150%22%20height%3D%22150%22%20viewBox%3D%220%200%20150%20150%22%3E%3C%2Fsvg%3E\" loading=\"eager\"><\/span><span class=\"fg-image-overlay\"><\/span><\/a><figcaption class=\"fg-caption\"><div class=\"fg-caption-inner\"><\/div><\/figcaption><\/figure><div class=\"fg-loader\"><\/div><\/div><\/div>\r\n\n","protected":false},"excerpt":{"rendered":"<p>D\u00e9couvrez notre belle r\u00e9gion Lorraine ! &#8211; Ch\u00e2teau de Lun\u00e9ville &#8211; Festival de Froville &#8211; Ch\u00e2teau d&rsquo;Harrou\u00e9 &#8211; Circuit de Chenevi\u00e8res<\/p>\n","protected":false},"author":1,"featured_media":0,"parent":0,"menu_order":0,"comment_status":"closed","ping_status":"closed","template":"","meta":[],"_links":{"self":[{"href":"https:\/\/www.lacondamine.fr\/index.php\/wp-json\/wp\/v2\/pages\/38"}],"collection":[{"href":"https:\/\/www.lacondamine.fr\/index.php\/wp-json\/wp\/v2\/pages"}],"about":[{"href":"https:\/\/www.lacondamine.fr\/index.php\/wp-json\/wp\/v2\/types\/page"}],"author":[{"embeddable":true,"href":"https:\/\/www.lacondamine.fr\/index.php\/wp-json\/wp\/v2\/users\/1"}],"replies":[{"embeddable":true,"href":"https:\/\/www.lacondamine.fr\/index.php\/wp-json\/wp\/v2\/comments?post=38"}],"version-history":[{"count":3,"href":"https:\/\/www.lacondamine.fr\/index.php\/wp-json\/wp\/v2\/pages\/38\/revisions"}],"predecessor-version":[{"id":120,"href":"https:\/\/www.lacondamine.fr\/index.php\/wp-json\/wp\/v2\/pages\/38\/revisions\/120"}],"wp:attachment":[{"href":"https:\/\/www.lacondamine.fr\/index.php\/wp-json\/wp\/v2\/media?parent=38"}],"curies":[{"name":"wp","href":"https:\/\/api.w.org\/{rel}","templated":true}]}}