{"id":33,"date":"2018-04-27T15:46:46","date_gmt":"2018-04-27T13:46:46","guid":{"rendered":"http:\/\/lacondamine.fr\/?page_id=33"},"modified":"2023-01-25T18:09:32","modified_gmt":"2023-01-25T17:09:32","slug":"les-chambres","status":"publish","type":"page","link":"https:\/\/www.lacondamine.fr\/index.php\/les-chambres\/","title":{"rendered":"Les Chambres"},"content":{"rendered":"<h1><strong>La Chambre Elisabeth Charlotte<\/strong><\/h1>\n<style type=\"text\/css\">\r\n\t#foogallery-gallery-71 .fg-image {\r\n        width: 640px;\r\n    }\r\n<\/style>\r\n\t\t\t\t<div class=\"foogallery foogallery-container foogallery-image-viewer foogallery-link-image foogallery-lightbox-foobox fg-center fg-image-viewer fg-light fg-border-thin fg-shadow-outline fg-loading-default fg-loaded-fade-in fg-caption-hover fg-hover-fade fg-hover-zoom fg-ready\" id=\"foogallery-gallery-71\" data-foogallery=\"{&quot;item&quot;:{&quot;showCaptionTitle&quot;:true,&quot;showCaptionDescription&quot;:true},&quot;lazy&quot;:true,&quot;template&quot;:{&quot;loop&quot;:true}}\" >\r\n\t<div class=\"fiv-inner\">\r\n\t\t<div class=\"fiv-inner-container\">\r\n\t\t\t<div class=\"fg-item fg-type-image fg-idle\"><figure class=\"fg-item-inner\"><a href=\"https:\/\/www.lacondamine.fr\/wp-content\/uploads\/2018\/04\/elisabeth-charlotte-rez-de-chauss\u00e9e.jpg\" data-attachment-id=\"72\" class=\"fg-thumb\"><span class=\"fg-image-wrap\"><img width=\"640\" height=\"360\" class=\"skip-lazy fg-image\" data-src-fg=\"https:\/\/www.lacondamine.fr\/wp-content\/uploads\/cache\/2018\/04\/elisabeth-charlotte-rez-de-chauss\u00e9e\/-841095569.jpg\" src=\"data:image\/svg+xml,%3Csvg%20xmlns%3D%22http%3A%2F%2Fwww.w3.org%2F2000%2Fsvg%22%20width%3D%22640%22%20height%3D%22360%22%20viewBox%3D%220%200%20640%20360%22%3E%3C%2Fsvg%3E\" loading=\"eager\"><\/span><span class=\"fg-image-overlay\"><\/span><\/a><figcaption class=\"fg-caption\"><div class=\"fg-caption-inner\"><\/div><\/figcaption><\/figure><div class=\"fg-loader\"><\/div><\/div><div class=\"fg-item fg-type-image fg-idle\"><figure class=\"fg-item-inner\"><a href=\"https:\/\/www.lacondamine.fr\/wp-content\/uploads\/2018\/04\/G\u00eete-2-sur-27.jpg\" data-attachment-id=\"73\" class=\"fg-thumb\"><span class=\"fg-image-wrap\"><img width=\"640\" height=\"360\" class=\"skip-lazy fg-image\" data-src-fg=\"https:\/\/www.lacondamine.fr\/wp-content\/uploads\/cache\/2018\/04\/G\u00eete-2-sur-27\/-1412497748.jpg\" src=\"data:image\/svg+xml,%3Csvg%20xmlns%3D%22http%3A%2F%2Fwww.w3.org%2F2000%2Fsvg%22%20width%3D%22640%22%20height%3D%22360%22%20viewBox%3D%220%200%20640%20360%22%3E%3C%2Fsvg%3E\" loading=\"eager\"><\/span><span class=\"fg-image-overlay\"><\/span><\/a><figcaption class=\"fg-caption\"><div class=\"fg-caption-inner\"><\/div><\/figcaption><\/figure><div class=\"fg-loader\"><\/div><\/div><div class=\"fg-item fg-type-image fg-idle\"><figure class=\"fg-item-inner\"><a href=\"https:\/\/www.lacondamine.fr\/wp-content\/uploads\/2018\/04\/G\u00eete-3-sur-27.jpg\" data-attachment-id=\"74\" class=\"fg-thumb\"><span class=\"fg-image-wrap\"><img width=\"640\" height=\"360\" class=\"skip-lazy fg-image\" data-src-fg=\"https:\/\/www.lacondamine.fr\/wp-content\/uploads\/cache\/2018\/04\/G\u00eete-3-sur-27\/-1068776709.jpg\" src=\"data:image\/svg+xml,%3Csvg%20xmlns%3D%22http%3A%2F%2Fwww.w3.org%2F2000%2Fsvg%22%20width%3D%22640%22%20height%3D%22360%22%20viewBox%3D%220%200%20640%20360%22%3E%3C%2Fsvg%3E\" loading=\"eager\"><\/span><span class=\"fg-image-overlay\"><\/span><\/a><figcaption class=\"fg-caption\"><div class=\"fg-caption-inner\"><\/div><\/figcaption><\/figure><div class=\"fg-loader\"><\/div><\/div><div class=\"fg-item fg-type-image fg-idle\"><figure class=\"fg-item-inner\"><a href=\"https:\/\/www.lacondamine.fr\/wp-content\/uploads\/2018\/04\/G\u00eete-4-sur-27.jpg\" data-attachment-id=\"75\" class=\"fg-thumb\"><span class=\"fg-image-wrap\"><img width=\"640\" height=\"360\" class=\"skip-lazy fg-image\" data-src-fg=\"https:\/\/www.lacondamine.fr\/wp-content\/uploads\/cache\/2018\/04\/G\u00eete-4-sur-27\/905862003.jpg\" src=\"data:image\/svg+xml,%3Csvg%20xmlns%3D%22http%3A%2F%2Fwww.w3.org%2F2000%2Fsvg%22%20width%3D%22640%22%20height%3D%22360%22%20viewBox%3D%220%200%20640%20360%22%3E%3C%2Fsvg%3E\" loading=\"eager\"><\/span><span class=\"fg-image-overlay\"><\/span><\/a><figcaption class=\"fg-caption\"><div class=\"fg-caption-inner\"><\/div><\/figcaption><\/figure><div class=\"fg-loader\"><\/div><\/div><div class=\"fg-item fg-type-image fg-idle\"><figure class=\"fg-item-inner\"><a href=\"https:\/\/www.lacondamine.fr\/wp-content\/uploads\/2018\/04\/G\u00eete-6-sur-27.jpg\" data-attachment-id=\"77\" class=\"fg-thumb\"><span class=\"fg-image-wrap\"><img width=\"640\" height=\"360\" class=\"skip-lazy fg-image\" data-src-fg=\"https:\/\/www.lacondamine.fr\/wp-content\/uploads\/cache\/2018\/04\/G\u00eete-6-sur-27\/1074907078.jpg\" src=\"data:image\/svg+xml,%3Csvg%20xmlns%3D%22http%3A%2F%2Fwww.w3.org%2F2000%2Fsvg%22%20width%3D%22640%22%20height%3D%22360%22%20viewBox%3D%220%200%20640%20360%22%3E%3C%2Fsvg%3E\" loading=\"eager\"><\/span><span class=\"fg-image-overlay\"><\/span><\/a><figcaption class=\"fg-caption\"><div class=\"fg-caption-inner\"><\/div><\/figcaption><\/figure><div class=\"fg-loader\"><\/div><\/div><div class=\"fg-item fg-type-image fg-idle\"><figure class=\"fg-item-inner\"><a href=\"https:\/\/www.lacondamine.fr\/wp-content\/uploads\/2018\/04\/G\u00eete-7-sur-27.jpg\" data-attachment-id=\"78\" class=\"fg-thumb\"><span class=\"fg-image-wrap\"><img width=\"640\" height=\"360\" class=\"skip-lazy fg-image\" data-src-fg=\"https:\/\/www.lacondamine.fr\/wp-content\/uploads\/cache\/2018\/04\/G\u00eete-7-sur-27\/-388873341.jpg\" src=\"data:image\/svg+xml,%3Csvg%20xmlns%3D%22http%3A%2F%2Fwww.w3.org%2F2000%2Fsvg%22%20width%3D%22640%22%20height%3D%22360%22%20viewBox%3D%220%200%20640%20360%22%3E%3C%2Fsvg%3E\" loading=\"eager\"><\/span><span class=\"fg-image-overlay\"><\/span><\/a><figcaption class=\"fg-caption\"><div class=\"fg-caption-inner\"><\/div><\/figcaption><\/figure><div class=\"fg-loader\"><\/div><\/div><div class=\"fg-item fg-type-image fg-idle\"><figure class=\"fg-item-inner\"><a href=\"https:\/\/www.lacondamine.fr\/wp-content\/uploads\/2018\/04\/Salle-de-bain2-.jpg\" data-attachment-id=\"80\" class=\"fg-thumb\"><span class=\"fg-image-wrap\"><img width=\"640\" height=\"360\" class=\"skip-lazy fg-image\" data-src-fg=\"https:\/\/www.lacondamine.fr\/wp-content\/uploads\/cache\/2018\/04\/Salle-de-bain2-\/-1374470561.jpg\" src=\"data:image\/svg+xml,%3Csvg%20xmlns%3D%22http%3A%2F%2Fwww.w3.org%2F2000%2Fsvg%22%20width%3D%22640%22%20height%3D%22360%22%20viewBox%3D%220%200%20640%20360%22%3E%3C%2Fsvg%3E\" loading=\"eager\"><\/span><span class=\"fg-image-overlay\"><\/span><\/a><figcaption class=\"fg-caption\"><div class=\"fg-caption-inner\"><\/div><\/figcaption><\/figure><div class=\"fg-loader\"><\/div><\/div>\t\t<\/div>\r\n\t\t<div class=\"fiv-ctrls\">\r\n\t\t\t<div class=\"fiv-prev\"><span>Pr\u00e9c\u00e9dente<\/span><\/div>\r\n\t\t\t<label class=\"fiv-count\"><span class=\"fiv-count-current\">1<\/span>-<span class=\"fiv-count-total\">7<\/span><\/label>\r\n\t\t\t<div class=\"fiv-next\"><span>Suivante<\/span><\/div>\r\n\t\t<\/div>\r\n\t<\/div>\r\n<\/div>\n<p>1 personne : 75\u20ac<br \/>\n2 personnes : 80\u20ac<br \/>\nTaxe de s\u00e9jour et petit d\u00e9jeuner inclus (tarifs TTC)<br \/>\nAnimaux non accept\u00e9s<\/p>\n<h1><strong>La Chambre Anne Marguerite<\/strong><\/h1>\n<style type=\"text\/css\">\r\n\t#foogallery-gallery-83 .fg-image {\r\n        width: 640px;\r\n    }\r\n<\/style>\r\n\t\t\t\t<div class=\"foogallery foogallery-container foogallery-image-viewer foogallery-link-image foogallery-lightbox-foobox fg-center fg-image-viewer fg-light fg-border-thin fg-shadow-outline fg-loading-default fg-loaded-fade-in fg-caption-hover fg-hover-fade fg-hover-zoom fg-ready\" id=\"foogallery-gallery-83\" data-foogallery=\"{&quot;item&quot;:{&quot;showCaptionTitle&quot;:true,&quot;showCaptionDescription&quot;:true},&quot;lazy&quot;:true,&quot;template&quot;:{&quot;loop&quot;:true}}\" >\r\n\t<div class=\"fiv-inner\">\r\n\t\t<div class=\"fiv-inner-container\">\r\n\t\t\t<div class=\"fg-item fg-type-image fg-idle\"><figure class=\"fg-item-inner\"><a href=\"https:\/\/www.lacondamine.fr\/wp-content\/uploads\/2018\/04\/1-Chambre-parentale-Anne-Marguerite-modifi\u00e9e.jpg\" data-attachment-id=\"129\" class=\"fg-thumb\"><span class=\"fg-image-wrap\"><img width=\"640\" height=\"360\" class=\"skip-lazy fg-image\" data-src-fg=\"https:\/\/www.lacondamine.fr\/wp-content\/uploads\/cache\/2018\/04\/1-Chambre-parentale-Anne-Marguerite-modifi\u00e9e\/-1152742474.jpg\" src=\"data:image\/svg+xml,%3Csvg%20xmlns%3D%22http%3A%2F%2Fwww.w3.org%2F2000%2Fsvg%22%20width%3D%22640%22%20height%3D%22360%22%20viewBox%3D%220%200%20640%20360%22%3E%3C%2Fsvg%3E\" loading=\"eager\"><\/span><span class=\"fg-image-overlay\"><\/span><\/a><figcaption class=\"fg-caption\"><div class=\"fg-caption-inner\"><\/div><\/figcaption><\/figure><div class=\"fg-loader\"><\/div><\/div><div class=\"fg-item fg-type-image fg-idle\"><figure class=\"fg-item-inner\"><a href=\"https:\/\/www.lacondamine.fr\/wp-content\/uploads\/2018\/04\/G\u00eete-21-sur-27.jpg\" data-attachment-id=\"85\" class=\"fg-thumb\"><span class=\"fg-image-wrap\"><img width=\"640\" height=\"360\" class=\"skip-lazy fg-image\" data-src-fg=\"https:\/\/www.lacondamine.fr\/wp-content\/uploads\/cache\/2018\/04\/G\u00eete-21-sur-27\/-1474228722.jpg\" src=\"data:image\/svg+xml,%3Csvg%20xmlns%3D%22http%3A%2F%2Fwww.w3.org%2F2000%2Fsvg%22%20width%3D%22640%22%20height%3D%22360%22%20viewBox%3D%220%200%20640%20360%22%3E%3C%2Fsvg%3E\" loading=\"eager\"><\/span><span class=\"fg-image-overlay\"><\/span><\/a><figcaption class=\"fg-caption\"><div class=\"fg-caption-inner\"><\/div><\/figcaption><\/figure><div class=\"fg-loader\"><\/div><\/div><div class=\"fg-item fg-type-image fg-idle\"><figure class=\"fg-item-inner\"><a href=\"https:\/\/www.lacondamine.fr\/wp-content\/uploads\/2018\/04\/G\u00eete-22-sur-27.jpg\" data-attachment-id=\"86\" class=\"fg-thumb\"><span class=\"fg-image-wrap\"><img width=\"640\" height=\"360\" class=\"skip-lazy fg-image\" data-src-fg=\"https:\/\/www.lacondamine.fr\/wp-content\/uploads\/cache\/2018\/04\/G\u00eete-22-sur-27\/-1678921867.jpg\" src=\"data:image\/svg+xml,%3Csvg%20xmlns%3D%22http%3A%2F%2Fwww.w3.org%2F2000%2Fsvg%22%20width%3D%22640%22%20height%3D%22360%22%20viewBox%3D%220%200%20640%20360%22%3E%3C%2Fsvg%3E\" loading=\"eager\"><\/span><span class=\"fg-image-overlay\"><\/span><\/a><figcaption class=\"fg-caption\"><div class=\"fg-caption-inner\"><\/div><\/figcaption><\/figure><div class=\"fg-loader\"><\/div><\/div><div class=\"fg-item fg-type-image fg-idle\"><figure class=\"fg-item-inner\"><a href=\"https:\/\/www.lacondamine.fr\/wp-content\/uploads\/2018\/04\/G\u00eete-23-sur-27.jpg\" data-attachment-id=\"87\" class=\"fg-thumb\"><span class=\"fg-image-wrap\"><img width=\"640\" height=\"360\" class=\"skip-lazy fg-image\" data-src-fg=\"https:\/\/www.lacondamine.fr\/wp-content\/uploads\/cache\/2018\/04\/G\u00eete-23-sur-27\/1014575715.jpg\" src=\"data:image\/svg+xml,%3Csvg%20xmlns%3D%22http%3A%2F%2Fwww.w3.org%2F2000%2Fsvg%22%20width%3D%22640%22%20height%3D%22360%22%20viewBox%3D%220%200%20640%20360%22%3E%3C%2Fsvg%3E\" loading=\"eager\"><\/span><span class=\"fg-image-overlay\"><\/span><\/a><figcaption class=\"fg-caption\"><div class=\"fg-caption-inner\"><\/div><\/figcaption><\/figure><div class=\"fg-loader\"><\/div><\/div><div class=\"fg-item fg-type-image fg-idle\"><figure class=\"fg-item-inner\"><a href=\"https:\/\/www.lacondamine.fr\/wp-content\/uploads\/2018\/04\/G\u00eete-24-sur-27-1.jpg\" data-attachment-id=\"88\" class=\"fg-thumb\"><span class=\"fg-image-wrap\"><img width=\"640\" height=\"360\" class=\"skip-lazy fg-image\" data-src-fg=\"https:\/\/www.lacondamine.fr\/wp-content\/uploads\/cache\/2018\/04\/G\u00eete-24-sur-27-1\/1734955030.jpg\" src=\"data:image\/svg+xml,%3Csvg%20xmlns%3D%22http%3A%2F%2Fwww.w3.org%2F2000%2Fsvg%22%20width%3D%22640%22%20height%3D%22360%22%20viewBox%3D%220%200%20640%20360%22%3E%3C%2Fsvg%3E\" loading=\"eager\"><\/span><span class=\"fg-image-overlay\"><\/span><\/a><figcaption class=\"fg-caption\"><div class=\"fg-caption-inner\"><\/div><\/figcaption><\/figure><div class=\"fg-loader\"><\/div><\/div><div class=\"fg-item fg-type-image fg-idle\"><figure class=\"fg-item-inner\"><a href=\"https:\/\/www.lacondamine.fr\/wp-content\/uploads\/2018\/04\/2-Chambre-familiale-bienfaisante.jpg\" data-attachment-id=\"128\" class=\"fg-thumb\"><span class=\"fg-image-wrap\"><img width=\"640\" height=\"360\" class=\"skip-lazy fg-image\" data-src-fg=\"https:\/\/www.lacondamine.fr\/wp-content\/uploads\/cache\/2018\/04\/2-Chambre-familiale-bienfaisante\/-944531546.jpg\" src=\"data:image\/svg+xml,%3Csvg%20xmlns%3D%22http%3A%2F%2Fwww.w3.org%2F2000%2Fsvg%22%20width%3D%22640%22%20height%3D%22360%22%20viewBox%3D%220%200%20640%20360%22%3E%3C%2Fsvg%3E\" loading=\"eager\"><\/span><span class=\"fg-image-overlay\"><\/span><\/a><figcaption class=\"fg-caption\"><div class=\"fg-caption-inner\"><\/div><\/figcaption><\/figure><div class=\"fg-loader\"><\/div><\/div>\t\t<\/div>\r\n\t\t<div class=\"fiv-ctrls\">\r\n\t\t\t<div class=\"fiv-prev\"><span>Pr\u00e9c\u00e9dente<\/span><\/div>\r\n\t\t\t<label class=\"fiv-count\"><span class=\"fiv-count-current\">1<\/span>-<span class=\"fiv-count-total\">6<\/span><\/label>\r\n\t\t\t<div class=\"fiv-next\"><span>Suivante<\/span><\/div>\r\n\t\t<\/div>\r\n\t<\/div>\r\n<\/div>\n<p>1 Personne : 80\u20ac<br \/>\n2 Personnes : 85\u20ac<br \/>\n3 Personnes : 100\u20ac<br \/>\nPersonne suppl\u00e9mentaire : 15\u20ac<br \/>\nTaxe de s\u00e9jour et petit d\u00e9jeuner inclus (tarifs TTC)<br \/>\nAnimaux non accept\u00e9s<\/p>\n","protected":false},"excerpt":{"rendered":"<p>La Chambre Elisabeth Charlotte 1 personne : 75\u20ac 2 personnes : 80\u20ac Taxe de s\u00e9jour et petit d\u00e9jeuner inclus (tarifs TTC) Animaux non accept\u00e9s La Chambre Anne Marguerite 1 Personne : 80\u20ac 2 Personnes : 85\u20ac 3 Personnes : 100\u20ac Personne suppl\u00e9mentaire : 15\u20ac Taxe de s\u00e9jour et petit d\u00e9jeuner inclus (tarifs TTC) Animaux non &hellip; <\/p>\n<p class=\"link-more\"><a href=\"https:\/\/www.lacondamine.fr\/index.php\/les-chambres\/\" class=\"more-link\">Continuer la lecture<span class=\"screen-reader-text\"> de &laquo;&nbsp;Les Chambres&nbsp;&raquo;<\/span><\/a><\/p>\n","protected":false},"author":1,"featured_media":0,"parent":0,"menu_order":0,"comment_status":"closed","ping_status":"closed","template":"","meta":[],"_links":{"self":[{"href":"https:\/\/www.lacondamine.fr\/index.php\/wp-json\/wp\/v2\/pages\/33"}],"collection":[{"href":"https:\/\/www.lacondamine.fr\/index.php\/wp-json\/wp\/v2\/pages"}],"about":[{"href":"https:\/\/www.lacondamine.fr\/index.php\/wp-json\/wp\/v2\/types\/page"}],"author":[{"embeddable":true,"href":"https:\/\/www.lacondamine.fr\/index.php\/wp-json\/wp\/v2\/users\/1"}],"replies":[{"embeddable":true,"href":"https:\/\/www.lacondamine.fr\/index.php\/wp-json\/wp\/v2\/comments?post=33"}],"version-history":[{"count":10,"href":"https:\/\/www.lacondamine.fr\/index.php\/wp-json\/wp\/v2\/pages\/33\/revisions"}],"predecessor-version":[{"id":140,"href":"https:\/\/www.lacondamine.fr\/index.php\/wp-json\/wp\/v2\/pages\/33\/revisions\/140"}],"wp:attachment":[{"href":"https:\/\/www.lacondamine.fr\/index.php\/wp-json\/wp\/v2\/media?parent=33"}],"curies":[{"name":"wp","href":"https:\/\/api.w.org\/{rel}","templated":true}]}}